{"id":672,"date":"2022-01-23T09:06:01","date_gmt":"2022-01-23T09:06:01","guid":{"rendered":"https:\/\/www.heraldys.fr\/wordpress\/?page_id=672"},"modified":"2022-01-23T09:11:31","modified_gmt":"2022-01-23T09:11:31","slug":"sala-dos-brasoes-historique","status":"publish","type":"page","link":"https:\/\/www.heraldys.fr\/wordpress\/decouvrir\/sala-dos-brasoes\/sala-dos-brasoes-historique\/","title":{"rendered":"Historique"},"content":{"rendered":"<p>La salle des blasons, aussi appel\u00e9e salle des Armoiries, des Ecus ou des Cerfs, a \u00e9t\u00e9 \u00e9difi\u00e9e par le roi Manuel Ier (1469-1495-1521), \u00e0 l&#8217;emplacement des anciens appartements d&rsquo;Alphonse V. La construction de la tour se serait achev\u00e9e entre 1517 et 1518.<\/p>\n<p>Cette salle est l&rsquo;une des plus int\u00e9ressantes manifestations de centralisation du pouvoir royal. En effet, Manuel Ier a ordonn\u00e9 que soit dress\u00e9 l&rsquo;inventaire de tous les blasons et insignes de la noblesse portugaise afin d&rsquo;organiser et r\u00e9glementer leur utilisation ainsi que leur concession.<\/p>\n<p>Les premi\u00e8res investigations ont \u00e9t\u00e9 fa\u00eetes par les rois d&rsquo;arme Joao Rodrigues et Antonio Rodrigues, entre 1495 et 1509, a partir desquelles ils r\u00e9dig\u00e8rent le \u00ab\u00a0Livro do Armeiro-Mor\u00a0\u00bb, illustr\u00e9 par Joao du Cros. Ensuite, Manuel Ier a envoy\u00e9 plusieurs officiers d&rsquo;armes dans les cours de l&#8217;empereur, des rois de France, de Castille et d&rsquo;Angleterre afin qu&rsquo;ils regroupent toutes le connaissances et les informations n\u00e9cessaires \u00e0 la ma\u00eetrise de leur art. A leur retour, ils d\u00e9cel\u00e8rent de graves imperfections dans le livre d&rsquo;Antonio Rodrigues, qu&rsquo;il fallut alors amender et augmenter.<\/p>\n<p>Cette t\u00e2che fut confi\u00e9e au roi d&rsquo;armes Antonio Godinho, lequel corrigea beaucoup d&rsquo;infractions aux r\u00e8gles h\u00e9raldiques, mais en laissa aussi quelques unes, par exemple le cordon d&rsquo;or sur champs d&rsquo;argent des armes de la famille de E\u00e7as, ou une bordure du m\u00eame m\u00e9tal que l&rsquo;\u00e9cu pour les Albergarias. C&rsquo;est lui aussi qui introduisit les timbres, suivant ainsi l&rsquo;exemple germanique et anglais. Les blasons reproduit dans le \u00ab\u00a0Livro da Nobreza e Perfei\u00e7\u00e3o das Armas\u00a0\u00bb permettent de le dater\u00a0: il fut initi\u00e9 entre le 9 septembre 1516 et le 7 mars 1517 et termin\u00e9 entre 1528 et le 16 septembre 1541. Ce dernier recueil est devenu la r\u00e9f\u00e9rence h\u00e9raldique nationale.<\/p>\n<p>Ce sont les documents et enluminures collect\u00e9es dans le cadre de cette oeuvre qui ont, selon la plus part des auteurs, servis de mod\u00e8les pour les blasons peints sur la coupole de la Salle des Blasons du Palais de Sintra, lesquels concernent les 72 familles nobles les plus influentes du royaume.<\/p>\n<p>Ce registre h\u00e9raldique du XVI\u00b0 si\u00e8cle constitue, encore aujourd&rsquo;hui, une r\u00e9f\u00e9rence recherch\u00e9e par les portugais et les descendants de portugais du monde entier.<\/p>\n","protected":false},"excerpt":{"rendered":"<p>La salle des blasons, aussi appel\u00e9e salle des Armoiries, des Ecus ou des Cerfs, a \u00e9t\u00e9 \u00e9difi\u00e9e par le roi Manuel Ier (1469-1495-1521), \u00e0 l&#8217;emplacement des anciens appartements d&rsquo;Alphonse V. La construction de la tour se serait achev\u00e9e entre 1517 et 1518. Cette salle est l&rsquo;une des plus int\u00e9ressantes manifestations de centralisation du pouvoir royal. &hellip;<\/p>\n<p class=\"read-more\"> <a class=\"\" href=\"https:\/\/www.heraldys.fr\/wordpress\/decouvrir\/sala-dos-brasoes\/sala-dos-brasoes-historique\/\"> <span class=\"screen-reader-text\">Historique<\/span> Lire la suite\u00a0\u00bb<\/a><\/p>\n","protected":false},"author":1,"featured_media":0,"parent":656,"menu_order":0,"comment_status":"closed","ping_status":"closed","template":"","meta":{"_uag_custom_page_level_css":"","site-sidebar-layout":"default","site-content-layout":"default","ast-site-content-layout":"","site-content-style":"default","site-sidebar-style":"default","ast-global-header-display":"","ast-banner-title-visibility":"","ast-main-header-display":"","ast-hfb-above-header-display":"","ast-hfb-below-header-display":"","ast-hfb-mobile-header-display":"","site-post-title":"","ast-breadcrumbs-content":"","ast-featured-img":"","footer-sml-layout":"","theme-transparent-header-meta":"default","adv-header-id-meta":"","stick-header-meta":"","header-above-stick-meta":"","header-main-stick-meta":"","header-below-stick-meta":"","astra-migrate-meta-layouts":"","footnotes":""},"uagb_featured_image_src":{"full":false,"thumbnail":false,"medium":false,"medium_large":false,"large":false,"1536x1536":false,"2048x2048":false},"uagb_author_info":{"display_name":"admin","author_link":"https:\/\/www.heraldys.fr\/wordpress\/author\/gillesboussard_h33\/"},"uagb_comment_info":0,"uagb_excerpt":"La salle des blasons, aussi appel\u00e9e salle des Armoiries, des Ecus ou des Cerfs, a \u00e9t\u00e9 \u00e9difi\u00e9e par le roi Manuel Ier (1469-1495-1521), \u00e0 l&#8217;emplacement des anciens appartements d&rsquo;Alphonse V. La construction de la tour se serait achev\u00e9e entre 1517 et 1518. Cette salle est l&rsquo;une des plus int\u00e9ressantes manifestations de centralisation du pouvoir royal.\u2026","_links":{"self":[{"href":"https:\/\/www.heraldys.fr\/wordpress\/wp-json\/wp\/v2\/pages\/672"}],"collection":[{"href":"https:\/\/www.heraldys.fr\/wordpress\/wp-json\/wp\/v2\/pages"}],"about":[{"href":"https:\/\/www.heraldys.fr\/wordpress\/wp-json\/wp\/v2\/types\/page"}],"author":[{"embeddable":true,"href":"https:\/\/www.heraldys.fr\/wordpress\/wp-json\/wp\/v2\/users\/1"}],"replies":[{"embeddable":true,"href":"https:\/\/www.heraldys.fr\/wordpress\/wp-json\/wp\/v2\/comments?post=672"}],"version-history":[{"count":3,"href":"https:\/\/www.heraldys.fr\/wordpress\/wp-json\/wp\/v2\/pages\/672\/revisions"}],"predecessor-version":[{"id":679,"href":"https:\/\/www.heraldys.fr\/wordpress\/wp-json\/wp\/v2\/pages\/672\/revisions\/679"}],"up":[{"embeddable":true,"href":"https:\/\/www.heraldys.fr\/wordpress\/wp-json\/wp\/v2\/pages\/656"}],"wp:attachment":[{"href":"https:\/\/www.heraldys.fr\/wordpress\/wp-json\/wp\/v2\/media?parent=672"}],"curies":[{"name":"wp","href":"https:\/\/api.w.org\/{rel}","templated":true}]}}