{"id":656,"date":"2022-01-23T09:01:56","date_gmt":"2022-01-23T09:01:56","guid":{"rendered":"https:\/\/www.heraldys.fr\/wordpress\/?page_id=656"},"modified":"2023-09-15T15:18:43","modified_gmt":"2023-09-15T15:18:43","slug":"sala-dos-brasoes","status":"publish","type":"page","link":"https:\/\/www.heraldys.fr\/wordpress\/decouvrir\/sala-dos-brasoes\/","title":{"rendered":"Sala dos Bras\u00f5es"},"content":{"rendered":"\n<div class=\"wp-block-columns is-layout-flex wp-container-2 wp-block-columns-is-layout-flex\">\n<div class=\"wp-block-column is-layout-flow wp-block-column-is-layout-flow\" style=\"flex-basis:100%\"><\/div>\n<\/div>\n\n\n\n<div class=\"wp-block-columns is-layout-flex wp-container-6 wp-block-columns-is-layout-flex\">\n<div class=\"wp-block-column is-layout-flow wp-block-column-is-layout-flow\">\n<h3><a href=\"https:\/\/www.heraldys.fr\/wordpress\/index.php\/decouvrir\/sala-dos-brasoes\/sala-dos-brasoes-historique\/\">Historique<\/a><\/h3>\n<p>La salle des blasons, aussi appel\u00e9e salle des Armoiries, des Ecus ou des Cerfs, a \u00e9t\u00e9 \u00e9difi\u00e9e par le roi Manuel Ier (1469-1495-1521), \u00e0 l&#8217;emplacement des anciens appartements d&rsquo;Alphonse V. La construction de la tour se serait achev\u00e9e entre 1517 et 1518.<\/p>\n<p>Cette salle est l&rsquo;une des plus int\u00e9ressantes manifestations de centralisation du pouvoir royal.&nbsp;<\/p>\n<p><a href=\"https:\/\/www.heraldys.fr\/wordpress\/index.php\/decouvrir\/sala-dos-brasoes\/sala-dos-brasoes-historique\/\">Lire la suite&#8230;<\/a><\/p>\n<\/div>\n\n\n\n<div class=\"wp-block-column is-layout-flow wp-block-column-is-layout-flow\">\n<h3><a href=\"https:\/\/www.heraldys.fr\/wordpress\/index.php\/decouvrir\/sala-dos-brasoes\/description\/\">Description<\/a><\/h3>\n<p>La salle est approximativement carr\u00e9e (14 x 13 m\u00e8tres). La base du plafond est un octogone, r\u00e9alis\u00e9 en coupant les angles de la salle, et se termine en coupole.<\/p>\n<p>Tout autour de l&rsquo;octogone, la frise est compos\u00e9e d&rsquo;une rang\u00e9e de panneaux, chacun repr\u00e9sentant un cerf, portant un \u00e9cu pendu \u00e0 son encolure et un timbre entre les bois, le tout encadr\u00e9 d&rsquo;une moulure.&nbsp;<\/p>\n<p><a href=\"https:\/\/www.heraldys.fr\/wordpress\/index.php\/decouvrir\/sala-dos-brasoes\/description\/\">Lire la suite&#8230;<\/a><\/p>\n<\/div>\n\n\n\n<div class=\"wp-block-column is-layout-flow wp-block-column-is-layout-flow\">\n<h3><a href=\"https:\/\/www.heraldys.fr\/wordpress\/index.php\/decouvrir\/sala-dos-brasoes\/documentation\/\">Documentation<\/a><\/h3>\n\n\n\n<figure class=\"wp-block-image size-large\"><a href=\"https:\/\/www.heraldys.fr\/wordpress\/index.php\/decouvrir\/sala-dos-brasoes\/documentation\/\"><img decoding=\"async\" loading=\"lazy\" width=\"951\" height=\"1024\" src=\"https:\/\/www.heraldys.fr\/wordpress\/wp-content\/uploads\/2022\/01\/dessin_1903-951x1024.jpg\" alt=\"\" class=\"wp-image-657\" srcset=\"https:\/\/www.heraldys.fr\/wordpress\/wp-content\/uploads\/2022\/01\/dessin_1903-951x1024.jpg 951w, https:\/\/www.heraldys.fr\/wordpress\/wp-content\/uploads\/2022\/01\/dessin_1903-279x300.jpg 279w, https:\/\/www.heraldys.fr\/wordpress\/wp-content\/uploads\/2022\/01\/dessin_1903-768x827.jpg 768w, https:\/\/www.heraldys.fr\/wordpress\/wp-content\/uploads\/2022\/01\/dessin_1903-1427x1536.jpg 1427w, https:\/\/www.heraldys.fr\/wordpress\/wp-content\/uploads\/2022\/01\/dessin_1903-1903x2048.jpg 1903w\" sizes=\"(max-width: 951px) 100vw, 951px\" \/><\/a><\/figure>\n<\/div>\n<\/div>\n\n\n<h3>Consulter les blasons<\/h3>\n\n\n<figure class=\"wp-block-table is-style-regular\"><table style=\"border-style:none;border-width:0px\"><tbody><tr><td class=\"has-text-align-center\" data-align=\"center\">Angle Nord-Ouest<br><a href=\"https:\/\/www.heraldys.fr\/wordpress\/index.php\/decouvrir\/sala-dos-brasoes\/angle-nord-ouest\/\"><img decoding=\"async\" loading=\"lazy\" width=\"702\" height=\"685\" class=\"wp-image-659\" style=\"width: 150px;\" src=\"https:\/\/www.heraldys.fr\/wordpress\/wp-content\/uploads\/2022\/01\/plan_angleNO.png\" alt=\"\" srcset=\"https:\/\/www.heraldys.fr\/wordpress\/wp-content\/uploads\/2022\/01\/plan_angleNO.png 702w, https:\/\/www.heraldys.fr\/wordpress\/wp-content\/uploads\/2022\/01\/plan_angleNO-300x293.png 300w\" sizes=\"(max-width: 702px) 100vw, 702px\" \/><\/a><\/td><td class=\"has-text-align-center\" data-align=\"center\">Mur Nord<br><a href=\"https:\/\/www.heraldys.fr\/wordpress\/index.php\/decouvrir\/sala-dos-brasoes\/mur-nord\/\"><img decoding=\"async\" loading=\"lazy\" width=\"702\" height=\"685\" class=\"wp-image-664\" style=\"width: 150px;\" src=\"https:\/\/www.heraldys.fr\/wordpress\/wp-content\/uploads\/2022\/01\/plan_murN.png\" alt=\"\" srcset=\"https:\/\/www.heraldys.fr\/wordpress\/wp-content\/uploads\/2022\/01\/plan_murN.png 702w, https:\/\/www.heraldys.fr\/wordpress\/wp-content\/uploads\/2022\/01\/plan_murN-300x293.png 300w\" sizes=\"(max-width: 702px) 100vw, 702px\" \/><\/a><\/td><td class=\"has-text-align-center\" data-align=\"center\">Angle Nord-Est<br><a href=\"https:\/\/www.heraldys.fr\/wordpress\/index.php\/decouvrir\/sala-dos-brasoes\/angle-nord-est\/\"><img decoding=\"async\" loading=\"lazy\" width=\"702\" height=\"685\" class=\"wp-image-658\" style=\"width: 150px;\" src=\"https:\/\/www.heraldys.fr\/wordpress\/wp-content\/uploads\/2022\/01\/plan_angleNE.png\" alt=\"\" srcset=\"https:\/\/www.heraldys.fr\/wordpress\/wp-content\/uploads\/2022\/01\/plan_angleNE.png 702w, https:\/\/www.heraldys.fr\/wordpress\/wp-content\/uploads\/2022\/01\/plan_angleNE-300x293.png 300w\" sizes=\"(max-width: 702px) 100vw, 702px\" \/><\/a><\/td><\/tr><tr><td class=\"has-text-align-center\" data-align=\"center\">Mur Ouest<br><a href=\"https:\/\/www.heraldys.fr\/wordpress\/index.php\/decouvrir\/sala-dos-brasoes\/mur-ouest\/\"><img decoding=\"async\" loading=\"lazy\" width=\"702\" height=\"685\" class=\"wp-image-665\" style=\"width: 150px;\" src=\"https:\/\/www.heraldys.fr\/wordpress\/wp-content\/uploads\/2022\/01\/plan_murO.png\" alt=\"\" srcset=\"https:\/\/www.heraldys.fr\/wordpress\/wp-content\/uploads\/2022\/01\/plan_murO.png 702w, https:\/\/www.heraldys.fr\/wordpress\/wp-content\/uploads\/2022\/01\/plan_murO-300x293.png 300w\" sizes=\"(max-width: 702px) 100vw, 702px\" \/><\/a><\/td><td class=\"has-text-align-center\" data-align=\"center\">Coupole<br><a href=\"https:\/\/www.heraldys.fr\/wordpress\/index.php\/decouvrir\/sala-dos-brasoes\/coupole\/\"><img decoding=\"async\" loading=\"lazy\" width=\"702\" height=\"685\" class=\"wp-image-662\" style=\"width: 150px;\" src=\"https:\/\/www.heraldys.fr\/wordpress\/wp-content\/uploads\/2022\/01\/plan_coupole.png\" alt=\"\" srcset=\"https:\/\/www.heraldys.fr\/wordpress\/wp-content\/uploads\/2022\/01\/plan_coupole.png 702w, https:\/\/www.heraldys.fr\/wordpress\/wp-content\/uploads\/2022\/01\/plan_coupole-300x293.png 300w\" sizes=\"(max-width: 702px) 100vw, 702px\" \/><\/a><\/td><td class=\"has-text-align-center\" data-align=\"center\">Mur Est<br><a href=\"https:\/\/www.heraldys.fr\/wordpress\/index.php\/decouvrir\/sala-dos-brasoes\/mur-est\/\"><img decoding=\"async\" loading=\"lazy\" width=\"702\" height=\"685\" class=\"wp-image-663\" style=\"width: 150px;\" src=\"https:\/\/www.heraldys.fr\/wordpress\/wp-content\/uploads\/2022\/01\/plan_murE.png\" alt=\"\" srcset=\"https:\/\/www.heraldys.fr\/wordpress\/wp-content\/uploads\/2022\/01\/plan_murE.png 702w, https:\/\/www.heraldys.fr\/wordpress\/wp-content\/uploads\/2022\/01\/plan_murE-300x293.png 300w\" sizes=\"(max-width: 702px) 100vw, 702px\" \/><\/a><\/td><\/tr><tr><td class=\"has-text-align-center\" data-align=\"center\">Angle Sud-Ouest<br><a href=\"https:\/\/www.heraldys.fr\/wordpress\/index.php\/decouvrir\/sala-dos-brasoes\/angle-sud-ouest\/\"><img decoding=\"async\" loading=\"lazy\" width=\"702\" height=\"685\" class=\"wp-image-661\" style=\"width: 150px;\" src=\"https:\/\/www.heraldys.fr\/wordpress\/wp-content\/uploads\/2022\/01\/plan_angleSO.png\" alt=\"\" srcset=\"https:\/\/www.heraldys.fr\/wordpress\/wp-content\/uploads\/2022\/01\/plan_angleSO.png 702w, https:\/\/www.heraldys.fr\/wordpress\/wp-content\/uploads\/2022\/01\/plan_angleSO-300x293.png 300w\" sizes=\"(max-width: 702px) 100vw, 702px\" \/><\/a><\/td><td class=\"has-text-align-center\" data-align=\"center\">Mur Sud<br><a href=\"https:\/\/www.heraldys.fr\/wordpress\/index.php\/decouvrir\/sala-dos-brasoes\/mur-sud\/\"><img decoding=\"async\" loading=\"lazy\" width=\"702\" height=\"685\" class=\"wp-image-666\" style=\"width: 150px;\" src=\"https:\/\/www.heraldys.fr\/wordpress\/wp-content\/uploads\/2022\/01\/plan_murS.png\" alt=\"\" srcset=\"https:\/\/www.heraldys.fr\/wordpress\/wp-content\/uploads\/2022\/01\/plan_murS.png 702w, https:\/\/www.heraldys.fr\/wordpress\/wp-content\/uploads\/2022\/01\/plan_murS-300x293.png 300w\" sizes=\"(max-width: 702px) 100vw, 702px\" \/><\/a><\/td><td class=\"has-text-align-center\" data-align=\"center\">Angle Sud-Est<br><a href=\"https:\/\/www.heraldys.fr\/wordpress\/index.php\/decouvrir\/sala-dos-brasoes\/angle-sud-est\/\"><img decoding=\"async\" loading=\"lazy\" width=\"702\" height=\"685\" class=\"wp-image-660\" style=\"width: 150px;\" src=\"https:\/\/www.heraldys.fr\/wordpress\/wp-content\/uploads\/2022\/01\/plan_angleSE.png\" alt=\"\" srcset=\"https:\/\/www.heraldys.fr\/wordpress\/wp-content\/uploads\/2022\/01\/plan_angleSE.png 702w, https:\/\/www.heraldys.fr\/wordpress\/wp-content\/uploads\/2022\/01\/plan_angleSE-300x293.png 300w\" sizes=\"(max-width: 702px) 100vw, 702px\" \/><\/a><\/td><\/tr><\/tbody><\/table><\/figure>\n","protected":false},"excerpt":{"rendered":"<p>Historique La salle des blasons, aussi appel\u00e9e salle des Armoiries, des Ecus ou des Cerfs, a \u00e9t\u00e9 \u00e9difi\u00e9e par le roi Manuel Ier (1469-1495-1521), \u00e0 l&#8217;emplacement des anciens appartements d&rsquo;Alphonse V. La construction de la tour se serait achev\u00e9e entre 1517 et 1518. Cette salle est l&rsquo;une des plus int\u00e9ressantes manifestations de centralisation du pouvoir &hellip;<\/p>\n<p class=\"read-more\"> <a class=\"\" href=\"https:\/\/www.heraldys.fr\/wordpress\/decouvrir\/sala-dos-brasoes\/\"> <span class=\"screen-reader-text\">Sala dos Bras\u00f5es<\/span> Lire la suite\u00a0\u00bb<\/a><\/p>\n","protected":false},"author":1,"featured_media":0,"parent":9,"menu_order":0,"comment_status":"closed","ping_status":"closed","template":"","meta":{"_uag_custom_page_level_css":"","site-sidebar-layout":"default","site-content-layout":"default","ast-site-content-layout":"default","site-content-style":"default","site-sidebar-style":"default","ast-global-header-display":"","ast-banner-title-visibility":"","ast-main-header-display":"","ast-hfb-above-header-display":"","ast-hfb-below-header-display":"","ast-hfb-mobile-header-display":"","site-post-title":"","ast-breadcrumbs-content":"","ast-featured-img":"","footer-sml-layout":"","theme-transparent-header-meta":"default","adv-header-id-meta":"","stick-header-meta":"","header-above-stick-meta":"","header-main-stick-meta":"","header-below-stick-meta":"","astra-migrate-meta-layouts":"set","footnotes":""},"uagb_featured_image_src":{"full":false,"thumbnail":false,"medium":false,"medium_large":false,"large":false,"1536x1536":false,"2048x2048":false},"uagb_author_info":{"display_name":"admin","author_link":"https:\/\/www.heraldys.fr\/wordpress\/author\/gillesboussard_h33\/"},"uagb_comment_info":0,"uagb_excerpt":"Historique La salle des blasons, aussi appel\u00e9e salle des Armoiries, des Ecus ou des Cerfs, a \u00e9t\u00e9 \u00e9difi\u00e9e par le roi Manuel Ier (1469-1495-1521), \u00e0 l&#8217;emplacement des anciens appartements d&rsquo;Alphonse V. La construction de la tour se serait achev\u00e9e entre 1517 et 1518. Cette salle est l&rsquo;une des plus int\u00e9ressantes manifestations de centralisation du pouvoir\u2026","_links":{"self":[{"href":"https:\/\/www.heraldys.fr\/wordpress\/wp-json\/wp\/v2\/pages\/656"}],"collection":[{"href":"https:\/\/www.heraldys.fr\/wordpress\/wp-json\/wp\/v2\/pages"}],"about":[{"href":"https:\/\/www.heraldys.fr\/wordpress\/wp-json\/wp\/v2\/types\/page"}],"author":[{"embeddable":true,"href":"https:\/\/www.heraldys.fr\/wordpress\/wp-json\/wp\/v2\/users\/1"}],"replies":[{"embeddable":true,"href":"https:\/\/www.heraldys.fr\/wordpress\/wp-json\/wp\/v2\/comments?post=656"}],"version-history":[{"count":26,"href":"https:\/\/www.heraldys.fr\/wordpress\/wp-json\/wp\/v2\/pages\/656\/revisions"}],"predecessor-version":[{"id":1335,"href":"https:\/\/www.heraldys.fr\/wordpress\/wp-json\/wp\/v2\/pages\/656\/revisions\/1335"}],"up":[{"embeddable":true,"href":"https:\/\/www.heraldys.fr\/wordpress\/wp-json\/wp\/v2\/pages\/9"}],"wp:attachment":[{"href":"https:\/\/www.heraldys.fr\/wordpress\/wp-json\/wp\/v2\/media?parent=656"}],"curies":[{"name":"wp","href":"https:\/\/api.w.org\/{rel}","templated":true}]}}