{"id":543,"date":"2020-11-15T10:30:29","date_gmt":"2020-11-15T10:30:29","guid":{"rendered":"https:\/\/www.heraldys.fr\/wordpress\/?page_id=543"},"modified":"2022-05-15T12:12:42","modified_gmt":"2022-05-15T12:12:42","slug":"cgu","status":"publish","type":"page","link":"https:\/\/www.heraldys.fr\/wordpress\/accueil-2\/cgu\/","title":{"rendered":"Conditions G\u00e9n\u00e9rale d&rsquo;Utilisation &#038; Confidentialit\u00e9"},"content":{"rendered":"<h3>Informations L\u00e9gales<\/h3>\n<p>Ce site est la propri\u00e9t\u00e9 d&rsquo;Heraldys. Il a pour unique vocation de promouvoir le projet de d\u00e9veloppement informatique visant \u00e0 dessiner les \u00e9cus d\u00e9crits par les blasons. Vous pouvez entrer en contact avec les propri\u00e9taires \u00e0 l&rsquo;adresse hostmaster@heraldys.fr<\/p>\n\n<style>.wp-block-kadence-spacer.kt-block-spacer-_6a4752-d1 .kt-block-spacer{height:60px;}.wp-block-kadence-spacer.kt-block-spacer-_6a4752-d1 .kt-divider{border-top-width:1px;height:1px;border-top-color:#eee;width:80%;border-top-style:solid;}<\/style>\n<div class=\"wp-block-kadence-spacer aligncenter kt-block-spacer-_6a4752-d1\"><div class=\"kt-block-spacer kt-block-spacer-halign-center\" style=\"height:60px\"><hr class=\"kt-divider\" style=\"border-top-color:rgba(238, 238, 238, 1);border-top-width:1px;width:80%;border-top-style:solid\"\/><\/div><\/div>\n\n\n<p><\/p>\n<p><span style=\"color: inherit; font-size: 1.66667rem; font-weight: inherit;\">Collecte Des Donn\u00e9es<\/span><\/p>\n<div>\n<div>\n<p>Heraldys a pour principe de ne pas demander ou collecter, \u00e0 partir du site, des donn\u00e9es personnelles telles que votre nom, votre adresse ou votre adresse e-mail. Toutefois, si vous souhaitez obtenir des informations relatives \u00e0 Heraldys depuis le Site ou vous inscrire sur une liste, il vous sera demand\u00e9 de nous fournir vos coordonn\u00e9es afin de recevoir l&rsquo;information sollicit\u00e9e. Conform\u00e9ment \u00e0 la Loi informatique et libert\u00e9s, nous vous informons que les donn\u00e9es requises \u00e0 l&rsquo;occasion d&rsquo;une inscription en ligne ou d&rsquo;une demande d&rsquo;information sont n\u00e9cessaires \u00e0 la gestion de cette demande. Ces informations sont destin\u00e9es \u00e0 Heraldys qui est responsable de ce traitement. Vous disposez d&rsquo;un droit d&rsquo;acc\u00e8s, de rectification et d&rsquo;opposition aux donn\u00e9es vous concernant. Si vous souhaitez exercer ce droit, veuillez nous contacter \u00e0 l&rsquo;adresse hostmaster@heraldys.fr. Sachez en outre que certaines donn\u00e9es \u00e0 caract\u00e8re non personnel peuvent \u00eatre enregistr\u00e9es du fait du mode op\u00e9ratoire des serveurs. Il peut s&rsquo;agir du type de navigateur ou du syst\u00e8me d&rsquo;exploitation utilis\u00e9 ou de votre adresse IP qui sont utilis\u00e9s en vue d&rsquo;am\u00e9liorer votre navigation en ligne.<\/p>\n<\/div>\n<div>Le Site offre des liens vers plusieurs sites et notamment vers youtube qui publient nos vid\u00e9os. Ces sites peuvent \u00e9galement collecter des donn\u00e9es \u00e0 caract\u00e8re personnel ou non. La consultation de ces sites ainsi que la collecte et l&rsquo;utilisation de donn\u00e9es personnelles sur ces sites sont soumises aux conditions d&rsquo;utilisation et aux politiques de protection des donn\u00e9es personnelles des dits sites.<\/div>\n<\/div>\n\n<style>.wp-block-kadence-spacer.kt-block-spacer-_fde130-d8 .kt-block-spacer{height:60px;}.wp-block-kadence-spacer.kt-block-spacer-_fde130-d8 .kt-divider{border-top-width:1px;height:1px;border-top-color:#eee;width:80%;border-top-style:solid;}<\/style>\n<div class=\"wp-block-kadence-spacer aligncenter kt-block-spacer-_fde130-d8\"><div class=\"kt-block-spacer kt-block-spacer-halign-center\" style=\"height:60px\"><hr class=\"kt-divider\" style=\"border-top-color:rgba(238, 238, 238, 1);border-top-width:1px;width:80%;border-top-style:solid\"\/><\/div><\/div>\n\n\n<h3>Propri\u00e9t\u00e9 Intellectuelle<\/h3>\n<div>L&rsquo;utilisation du Site d&rsquo;Herladys ne vous conf\u00e8re aucun droit sur ce Site et\/ou son contenu, seul un usage strictement personnel de ce Site et de son contenu est autoris\u00e9.\n<p>Ce Site et l&rsquo;ensemble des \u00e9l\u00e9ments le composant tels que notamment les noms de domaine, les marques, la structure g\u00e9n\u00e9rale, les textes, graphiques, images, les bases de donn\u00e9es, l&rsquo;arborescence du Site et sa navigation, les logos,\u00a0les sons, les photographies et l&rsquo;iconographie, ainsi que tous autres \u00e9l\u00e9ments graphiques, sonores ou autres, reproduits sur le Site ou inclus en son sein, sont la propri\u00e9t\u00e9 exclusive des propri\u00e9taires du site, ind\u00e9pendamment de leur protection \u00e9ventuelle, en l&rsquo;\u00e9tat actuel de la l\u00e9gislation, par un droit d&rsquo;auteur ou de toute autre mani\u00e8re, \u00e0 l&rsquo;exclusion des \u00e9l\u00e9ments \u00e9manant des partenaires d&rsquo;Heraldys.<\/p>\n<p>Toute reproduction et\/ou repr\u00e9sentation et\/ou diffusion, en tout ou en partie, et notamment sous forme de lien hypertexte, sur tout support \u00e9lectronique ou non, pr\u00e9sent ou futur,\u00a0 du Site et\/ou de tout \u00e0 partie de son contenu sont interdites sauf autorisation pr\u00e9alable, \u00e9crite et expresse des propri\u00e9taires du site Heraldys.<\/p>\n<p>Toute personne contrevenant \u00e0 cette interdiction, engage sa responsabilit\u00e9 p\u00e9nale et civile et peut \u00eatre poursuivie notamment sur le fondement de la contrefa\u00e7on et\/ou de la concurrence d\u00e9loyale.<\/p>\n<p>De m\u00eame, les bases de donn\u00e9es auxquelles le Site permet d\u2019acc\u00e9der sont prot\u00e9g\u00e9es notamment par les articles L.341-1 et suivants du code de la propri\u00e9t\u00e9 intellectuelle. Toute extraction ou r\u00e9utilisation de la totalit\u00e9 ou d\u2019une partie substantielle, entendue quantitativement ou qualitativement, des donn\u00e9es incluses dans ces bases est soumise \u00e0 l\u2019accord pr\u00e9alable et \u00e9crit des propri\u00e9taires du site Heraldys.<br \/>Les donn\u00e9es incluses dans ces bases ne sont mises \u00e0 la disposition du public qu\u2019\u00e0 des fins de pure consultation. Par suite, toute extraction ou r\u00e9utilisation de ces donn\u00e9es qui ne serait pas exclusivement et strictement n\u00e9cessaire \u00e0 cette finalit\u00e9, et donc r\u00e9alis\u00e9e \u00e0 des fins autres que la pure consultation, sans accord pr\u00e9alable et \u00e9crit des propri\u00e9taires du site Heraldys, exc\u00e8derait les conditions d\u2019utilisation normale des bases de donn\u00e9es d&rsquo;Heraldys.<br \/>Toute violation des stipulations qui pr\u00e9c\u00e8dent constitue une violation des droits reconnus par la loi au producteur de base de donn\u00e9es et, par suite, est susceptible d&rsquo;engager les responsabilit\u00e9s civile et p\u00e9nale de leur auteur.<\/p>\n<p>La mise en place d&rsquo;un lien hypertexte vers le Site, tout encadrement (framing) du Site, et plus g\u00e9n\u00e9ralement toute utilisation d&rsquo;un \u00e9l\u00e9ment composant le Site, est soumise \u00e0 une autorisation pr\u00e9alable, \u00e9crite et expresse des propri\u00e9taires du site Heraldys. En tout \u00e9tat de cause, les propri\u00e9taires du site Heraldys ne peuvent en aucun cas \u00eatre tenus responsables du contenu ainsi que des produits ou services propos\u00e9s sur les sites auxquels le Site se trouverait affili\u00e9 par des liens hypertextes ou tout autre type de liens.<\/p>\n<\/div>\n\n<style>.wp-block-kadence-spacer.kt-block-spacer-_3f07ba-66 .kt-block-spacer{height:60px;}.wp-block-kadence-spacer.kt-block-spacer-_3f07ba-66 .kt-divider{border-top-width:1px;height:1px;border-top-color:#eee;width:80%;border-top-style:solid;}<\/style>\n<div class=\"wp-block-kadence-spacer aligncenter kt-block-spacer-_3f07ba-66\"><div class=\"kt-block-spacer kt-block-spacer-halign-center\" style=\"height:60px\"><hr class=\"kt-divider\" style=\"border-top-color:rgba(238, 238, 238, 1);border-top-width:1px;width:80%;border-top-style:solid\"\/><\/div><\/div>\n\n\n<h3>Responsabilit\u00e9<\/h3>\n<div>\u00a0<\/div>\n<div>Heraldys apporte le plus grand soin et met en \u0153uvre tout moyen pour diffuser sur son Site des informations de qualit\u00e9. Nous ne pouvons toutefois pas garantir de mani\u00e8re absolue l&rsquo;exactitude et l&rsquo;exhaustivit\u00e9 de l&rsquo;ensemble de ces informations.\n<p>Les Internautes utilisent le Site sous leur seule et enti\u00e8re responsabilit\u00e9.<\/p>\n<p>Heraldys et ses propri\u00e9taires ne sauraient \u00eatre tenus\u00a0d&rsquo;aucune garantie, d&rsquo;aucune sorte, qu&rsquo;elle soit implicite ou explicite, concernant notamment l&rsquo;int\u00e9grit\u00e9, l&rsquo;exactitude, l&rsquo;actualit\u00e9, la non contrefa\u00e7on, la disponibilit\u00e9, la fiabilit\u00e9 ou l&rsquo;exhaustivit\u00e9 des informations, produits, accessoires ou services apparaissant sur le Site ni leur ad\u00e9quation \u00e0 l&rsquo;utilisation que l\u2019internaute projette d&rsquo;en faire ainsi que des cons\u00e9quences de leur utilisation.<\/p>\n<p>L\u2019usage des informations, messages ou donn\u00e9es de toute nature disponibles par l\u2019interm\u00e9diaire du Site rel\u00e8ve de la seule responsabilit\u00e9 de l\u2019internaute, et les d\u00e9cisions ou actions que celui-ci serait conduit \u00e0 prendre ou \u00e0 mener en consid\u00e9ration de ces informations ne sauraient engager d\u2019autre responsabilit\u00e9 que celle de l\u2019internaute.<\/p>\n<p>Heraldys et ses propri\u00e9taires ne sauraient donc \u00eatre tenus\u00a0pour responsable d&rsquo;un quelconque dommage que tout internaute pourrait subir \u00e0 la suite d&rsquo;une telle utilisation. En outre, Heraldys et ses propri\u00e9taires d\u00e9clinent toute responsabilit\u00e9 quant aux dommages indirects, quelles qu&rsquo;en soient les causes, origines, natures ou cons\u00e9quences en ce compris notamment les couts pouvant survenir, les pertes de profits, de client\u00e8le, de donn\u00e9es ou tout autre perte de biens incorporels pouvant survenir a raison de l&rsquo;acc\u00e8s de quiconque au Site ou de l&rsquo;impossibilit\u00e9 d&rsquo;y acc\u00e9der ou du cr\u00e9dit accord\u00e9\u00a0a une quelconque information provenant directement ou indirectement de ce dernier.<\/p>\n<p>Le Site contient \u00e9galement des informations provenant de tierces personnes (annonceurs et partenaires), et des liens vers d&rsquo;autres sites Internet. Heraldys ne contr\u00f4le ni la qualit\u00e9, les sp\u00e9cifications des produits ou services propos\u00e9s, ni l&rsquo;exactitude des informations qui se trouvent sur les sites de tiers ni leur contenu. En cons\u00e9quence, Heraldys et ses propri\u00e9taires ne pourront\u00a0en aucun cas \u00eatre tenus pour responsable du contenu des sites ainsi accessibles, ou des \u00e9ventuelles collectes et transmission de donn\u00e9es \u00e0 caract\u00e8re personnel, installation de cookies ou tout autre proc\u00e9d\u00e9 tendant aux m\u00eames fins, effectu\u00e9s par ces sites, ni des dommages r\u00e9sultant de l&rsquo;utilisation, de l&rsquo;acc\u00e8s \u00e0, ou de l&rsquo;incapacit\u00e9 \u00e0 utiliser ces informations tierces.<\/p>\n<p>Heraldys s\u2019efforce de permettre l\u2019acc\u00e8s au Site\u00a024 heures sur 24, 7 jours sur 7, sauf en cas de force majeure ou d\u2019un \u00e9v\u00e9nement hors du contr\u00f4le d&rsquo;Heraldys, et sous r\u00e9serve des \u00e9ventuelles pannes et interventions de maintenance n\u00e9cessaires au bon fonctionnement du Site et des services qui y sont propos\u00e9s.\u00a0Par cons\u00e9quent, Heraldys ne peut garantir une disponibilit\u00e9 du Site et\/ou des services qui y sont propos\u00e9s, une fiabilit\u00e9 des transmissions et des performances en termes de temps de r\u00e9ponse ou de qualit\u00e9.\u00a0La responsabilit\u00e9 de Heraldys et ses propri\u00e9taires ne saurait \u00eatre engag\u00e9e en cas d\u2019impossibilit\u00e9 d\u2019acc\u00e8s \u00e0 ce Site et\/ou d\u2019utilisation des services.<\/p>\n<\/div>\n\n<style>.wp-block-kadence-spacer.kt-block-spacer-_b56f96-8b .kt-block-spacer{height:60px;}.wp-block-kadence-spacer.kt-block-spacer-_b56f96-8b .kt-divider{border-top-width:1px;height:1px;border-top-color:#eee;width:80%;border-top-style:solid;}<\/style>\n<div class=\"wp-block-kadence-spacer aligncenter kt-block-spacer-_b56f96-8b\"><div class=\"kt-block-spacer kt-block-spacer-halign-center\" style=\"height:60px\"><hr class=\"kt-divider\" style=\"border-top-color:rgba(238, 238, 238, 1);border-top-width:1px;width:80%;border-top-style:solid\"\/><\/div><\/div>\n\n\n<div>\n<\/div>\n<h3>Utilisation Des Cookies<\/h3>\n<p>Les cookies sont des petits fichiers d&rsquo;informations qu&rsquo;un site Web peut envoyer sur le disque dur d&rsquo;un ordinateur personnel pour ensuite en retrouver la trace. Les cookies ne sont pas utilis\u00e9s sur ce Site mais peuvent l&rsquo;\u00eatre par des sites auxquels donne acc\u00e8s notre Site.<\/p>\n<h3>Utilisation Des Adresses IP<\/h3>\n<p>Une adresse IP est un nombre qui est automatiquement assign\u00e9 \u00e0 votre ordinateur par votre fournisseur d&rsquo;acc\u00e8s Internet lorsque vous naviguez sur le Web. Lorsque vous consultez des pages de notre Site, nos serveurs enregistrent votre adresse IP, ceci pour g\u00e9rer notre propre syst\u00e8me informatique et pour analyser l&rsquo;utilisation faite de notre Site. Nous ne rattachons les adresses IP \u00e0 aucune information \u00e0 caract\u00e8re personnel, ce qui signifie que vos consultations sont enregistr\u00e9es mais que vous demeurez anonyme pour nous. Nous pouvons toutefois utiliser votre adresse IP en coop\u00e9ration avec votre fournisseur d&rsquo;acc\u00e8s \u00e0 Internet afin de vous identifier, si nous estimons n\u00e9cessaire de faire respecter nos conditions d&rsquo;utilisation ou de prot\u00e9ger nos services, nos clients ou sur demande des autorit\u00e9s judiciaires.<\/p>\n\n<style>.wp-block-kadence-spacer.kt-block-spacer-_be0aab-df .kt-block-spacer{height:60px;}.wp-block-kadence-spacer.kt-block-spacer-_be0aab-df .kt-divider{border-top-width:1px;height:1px;border-top-color:#eee;width:80%;border-top-style:solid;}<\/style>\n<div class=\"wp-block-kadence-spacer aligncenter kt-block-spacer-_be0aab-df\"><div class=\"kt-block-spacer kt-block-spacer-halign-center\" style=\"height:60px\"><hr class=\"kt-divider\" style=\"border-top-color:rgba(238, 238, 238, 1);border-top-width:1px;width:80%;border-top-style:solid\"\/><\/div><\/div>\n\n\n<h3>Modifications Des Donn\u00e9es L\u00e9gales<\/h3>\n<p>Les propri\u00e9taires se r\u00e9servent le droit de modifier ou, de fa\u00e7on plus g\u00e9n\u00e9rale, d&rsquo;actualiser ces donn\u00e9es l\u00e9gales \u00e0 tout moment et sans pr\u00e9avis. C&rsquo;est pourquoi nous vous invitons \u00e0 consulter r\u00e9guli\u00e8rement cette notice.<\/p>","protected":false},"excerpt":{"rendered":"<p>Informations L\u00e9gales Ce site est la propri\u00e9t\u00e9 d&rsquo;Heraldys. Il a pour unique vocation de promouvoir le projet de d\u00e9veloppement informatique visant \u00e0 dessiner les \u00e9cus d\u00e9crits par les blasons. Vous pouvez entrer en contact avec les propri\u00e9taires \u00e0 l&rsquo;adresse hostmaster@heraldys.fr Collecte Des Donn\u00e9es Heraldys a pour principe de ne pas demander ou collecter, \u00e0 partir &hellip;<\/p>\n<p class=\"read-more\"> <a class=\"\" href=\"https:\/\/www.heraldys.fr\/wordpress\/accueil-2\/cgu\/\"> <span class=\"screen-reader-text\">Conditions G\u00e9n\u00e9rale d&rsquo;Utilisation &#038; Confidentialit\u00e9<\/span> Lire la suite\u00a0\u00bb<\/a><\/p>\n","protected":false},"author":1,"featured_media":0,"parent":1198,"menu_order":0,"comment_status":"closed","ping_status":"closed","template":"","meta":{"_uag_custom_page_level_css":"","site-sidebar-layout":"default","site-content-layout":"default","ast-site-content-layout":"","site-content-style":"default","site-sidebar-style":"default","ast-global-header-display":"","ast-banner-title-visibility":"","ast-main-header-display":"","ast-hfb-above-header-display":"","ast-hfb-below-header-display":"","ast-hfb-mobile-header-display":"","site-post-title":"","ast-breadcrumbs-content":"","ast-featured-img":"","footer-sml-layout":"","theme-transparent-header-meta":"default","adv-header-id-meta":"","stick-header-meta":"","header-above-stick-meta":"","header-main-stick-meta":"","header-below-stick-meta":"","astra-migrate-meta-layouts":"","footnotes":""},"uagb_featured_image_src":{"full":false,"thumbnail":false,"medium":false,"medium_large":false,"large":false,"1536x1536":false,"2048x2048":false},"uagb_author_info":{"display_name":"admin","author_link":"https:\/\/www.heraldys.fr\/wordpress\/author\/gillesboussard_h33\/"},"uagb_comment_info":0,"uagb_excerpt":"Informations L\u00e9gales Ce site est la propri\u00e9t\u00e9 d&rsquo;Heraldys. Il a pour unique vocation de promouvoir le projet de d\u00e9veloppement informatique visant \u00e0 dessiner les \u00e9cus d\u00e9crits par les blasons. Vous pouvez entrer en contact avec les propri\u00e9taires \u00e0 l&rsquo;adresse hostmaster@heraldys.fr Collecte Des Donn\u00e9es Heraldys a pour principe de ne pas demander ou collecter, \u00e0 partir\u2026","_links":{"self":[{"href":"https:\/\/www.heraldys.fr\/wordpress\/wp-json\/wp\/v2\/pages\/543"}],"collection":[{"href":"https:\/\/www.heraldys.fr\/wordpress\/wp-json\/wp\/v2\/pages"}],"about":[{"href":"https:\/\/www.heraldys.fr\/wordpress\/wp-json\/wp\/v2\/types\/page"}],"author":[{"embeddable":true,"href":"https:\/\/www.heraldys.fr\/wordpress\/wp-json\/wp\/v2\/users\/1"}],"replies":[{"embeddable":true,"href":"https:\/\/www.heraldys.fr\/wordpress\/wp-json\/wp\/v2\/comments?post=543"}],"version-history":[{"count":7,"href":"https:\/\/www.heraldys.fr\/wordpress\/wp-json\/wp\/v2\/pages\/543\/revisions"}],"predecessor-version":[{"id":563,"href":"https:\/\/www.heraldys.fr\/wordpress\/wp-json\/wp\/v2\/pages\/543\/revisions\/563"}],"up":[{"embeddable":true,"href":"https:\/\/www.heraldys.fr\/wordpress\/wp-json\/wp\/v2\/pages\/1198"}],"wp:attachment":[{"href":"https:\/\/www.heraldys.fr\/wordpress\/wp-json\/wp\/v2\/media?parent=543"}],"curies":[{"name":"wp","href":"https:\/\/api.w.org\/{rel}","templated":true}]}}