{"id":45,"date":"2020-09-26T15:43:06","date_gmt":"2020-09-26T15:43:06","guid":{"rendered":"https:\/\/www.heraldys.fr\/wordpress\/?page_id=45"},"modified":"2022-05-15T12:13:06","modified_gmt":"2022-05-15T12:13:06","slug":"documentationapi","status":"publish","type":"page","link":"https:\/\/www.heraldys.fr\/wordpress\/accueil-2\/documentationapi\/","title":{"rendered":"Webservice"},"content":{"rendered":"<p>H\u00e9raldys travaille beaucoup pour mettre \u00e0 votre disposition son webservice Heraldex afin que vous puissiez, sur votre site, obtenir l&rsquo;image d&rsquo;un \u00e9cu dessin\u00e9 \u00e0 partir d&rsquo;un blason que vous lui aurez transmis.<\/p>\n<p>Si ce webservice vous int\u00e9resse, n&rsquo;h\u00e9sitez pas \u00e0 nous envoyer d\u00e8s maintenant le petit e-mail ci-dessous !<\/p>\n\n\n<div class=\"wp-block-kadence-form kadence-form-_3e5884-16 kb-form-wrap\"><form class=\"kb-form\" action=\"\" method=\"post\"><div class=\"kadence-blocks-form-field kb-field-desk-width-100 kb-input-size-standard\"><label for=\"kb_field__3e5884-16_0\">Nom &amp; pr\u00e9nom<span class=\"required\">*<\/span><\/label><input name=\"kb_field_0\" id=\"kb_field__3e5884-16_0\" data-label=\"Nom &amp; pr\u00e9nom\" type=\"text\" placeholder=\"\" value=\"\" data-type=\"text\" class=\"kb-field kb-text-style-field kb-text-field kb-field-0\" data-required=\"yes\"\/><\/div><div class=\"kadence-blocks-form-field kb-form-field-1 kb-field-desk-width-100 kb-input-size-standard\"><label for=\"kb_field__3e5884-16_1\">Adresse e-mail<span class=\"required\">*<\/span><\/label><input name=\"kb_field_1\" id=\"kb_field__3e5884-16_1\" data-label=\"Adresse e-mail\" type=\"email\" placeholder=\"\" value=\"\" data-type=\"email\" class=\"kb-field kb-text-style-field kb-email-field kb-field-1\" data-required=\"yes\"\/><\/div><div class=\"kadence-blocks-form-field kb-form-field-2 kb-field-desk-width-100 kb-input-size-standard\"><label for=\"kb_field__3e5884-16_2\">Message<\/label><textarea name=\"kb_field_2\" id=\"kb_field__3e5884-16_2\" data-label=\"Message\" type=\"textarea\" placeholder=\"\" data-type=\"textarea\" class=\"kb-field kb-text-style-field kb-textarea-field kb-field-2\" rows=\"4\">Je suis int\u00e9ress\u00e9(e) par votre webservice. merci de revenir vers moi<\/textarea><\/div><input type=\"hidden\" name=\"_kb_form_id\" value=\"_3e5884-16\"\/><input type=\"hidden\" name=\"_kb_form_post_id\" value=\"45\"\/><input type=\"hidden\" name=\"action\" value=\"kb_process_ajax_submit\"\/><input class=\"kadence-blocks-field verify\" type=\"text\" name=\"_kb_verify_email\" autocomplete=\"off\" placeholder=\"Email\" tabindex=\"-1\"\/><div class=\"kadence-blocks-form-field kb-submit-field kb-field-desk-width-100\"><button class=\"kb-forms-submit button kb-button-size-standard kb-button-width-auto\">Envoyer<\/button><\/div><\/form><\/div>\n<noscript><div class=\"kadence-blocks-form-message kadence-blocks-form-warning\">Veuillez activer JavaScript dans votre navigateur pour envoyer le formulaire.<\/div><style>.kadence-form-_3e5884-16 .kadence-blocks-form-field.kb-submit-field { display: none; }<\/style><\/noscript>","protected":false},"excerpt":{"rendered":"<p>H\u00e9raldys travaille beaucoup pour mettre \u00e0 votre disposition son webservice Heraldex afin que vous puissiez, sur votre site, obtenir l&rsquo;image d&rsquo;un \u00e9cu dessin\u00e9 \u00e0 partir d&rsquo;un blason que vous lui aurez transmis. Si ce webservice vous int\u00e9resse, n&rsquo;h\u00e9sitez pas \u00e0 nous envoyer d\u00e8s maintenant le petit e-mail ci-dessous !<\/p>\n","protected":false},"author":1,"featured_media":0,"parent":1198,"menu_order":0,"comment_status":"closed","ping_status":"closed","template":"","meta":{"_uag_custom_page_level_css":"","site-sidebar-layout":"default","site-content-layout":"default","ast-site-content-layout":"","site-content-style":"default","site-sidebar-style":"default","ast-global-header-display":"","ast-banner-title-visibility":"","ast-main-header-display":"","ast-hfb-above-header-display":"","ast-hfb-below-header-display":"","ast-hfb-mobile-header-display":"","site-post-title":"","ast-breadcrumbs-content":"","ast-featured-img":"","footer-sml-layout":"","theme-transparent-header-meta":"default","adv-header-id-meta":"","stick-header-meta":"","header-above-stick-meta":"","header-main-stick-meta":"","header-below-stick-meta":"","astra-migrate-meta-layouts":"","footnotes":""},"uagb_featured_image_src":{"full":false,"thumbnail":false,"medium":false,"medium_large":false,"large":false,"1536x1536":false,"2048x2048":false},"uagb_author_info":{"display_name":"admin","author_link":"https:\/\/www.heraldys.fr\/wordpress\/author\/gillesboussard_h33\/"},"uagb_comment_info":0,"uagb_excerpt":"H\u00e9raldys travaille beaucoup pour mettre \u00e0 votre disposition son webservice Heraldex afin que vous puissiez, sur votre site, obtenir l&rsquo;image d&rsquo;un \u00e9cu dessin\u00e9 \u00e0 partir d&rsquo;un blason que vous lui aurez transmis. Si ce webservice vous int\u00e9resse, n&rsquo;h\u00e9sitez pas \u00e0 nous envoyer d\u00e8s maintenant le petit e-mail ci-dessous !","_links":{"self":[{"href":"https:\/\/www.heraldys.fr\/wordpress\/wp-json\/wp\/v2\/pages\/45"}],"collection":[{"href":"https:\/\/www.heraldys.fr\/wordpress\/wp-json\/wp\/v2\/pages"}],"about":[{"href":"https:\/\/www.heraldys.fr\/wordpress\/wp-json\/wp\/v2\/types\/page"}],"author":[{"embeddable":true,"href":"https:\/\/www.heraldys.fr\/wordpress\/wp-json\/wp\/v2\/users\/1"}],"replies":[{"embeddable":true,"href":"https:\/\/www.heraldys.fr\/wordpress\/wp-json\/wp\/v2\/comments?post=45"}],"version-history":[{"count":13,"href":"https:\/\/www.heraldys.fr\/wordpress\/wp-json\/wp\/v2\/pages\/45\/revisions"}],"predecessor-version":[{"id":588,"href":"https:\/\/www.heraldys.fr\/wordpress\/wp-json\/wp\/v2\/pages\/45\/revisions\/588"}],"up":[{"embeddable":true,"href":"https:\/\/www.heraldys.fr\/wordpress\/wp-json\/wp\/v2\/pages\/1198"}],"wp:attachment":[{"href":"https:\/\/www.heraldys.fr\/wordpress\/wp-json\/wp\/v2\/media?parent=45"}],"curies":[{"name":"wp","href":"https:\/\/api.w.org\/{rel}","templated":true}]}}