{"id":251,"date":"2020-09-28T18:28:54","date_gmt":"2020-09-28T18:28:54","guid":{"rendered":"https:\/\/www.heraldys.fr\/wordpress\/?page_id=251"},"modified":"2023-09-15T15:17:06","modified_gmt":"2023-09-15T15:17:06","slug":"salle-des-croisades","status":"publish","type":"page","link":"https:\/\/www.heraldys.fr\/wordpress\/decouvrir\/salle-des-croisades\/","title":{"rendered":"Salle des Croisades"},"content":{"rendered":"<p>Les salles des Croisades du Mus\u00e9e National de Versailles ont \u00e9t\u00e9 cr\u00e9\u00e9es par Louis-Philippe en 1843.<\/p>\n<p>Nous reproduisons ici l&rsquo;article publi\u00e9 dans \u00ab\u00a0l&rsquo;annuaire de la noblesse fran\u00e7aise\u00a0\u00bb en 1844 par Borel d&rsquo;Hauterive, document que vous pourrez retrouver en int\u00e9gralit\u00e9 sur Gallica (voir liens en bas de page)<\/p>\n\n\n<hr class=\"wp-block-separator has-css-opacity is-style-wide\"\/>\n\n\n<style>.kb-row-layout-id251_abd732-6a > .kt-row-column-wrap{align-content:start;}:where(.kb-row-layout-id251_abd732-6a > .kt-row-column-wrap) > .wp-block-kadence-column{justify-content:start;}.kb-row-layout-id251_abd732-6a > .kt-row-column-wrap{column-gap:var(--global-kb-gap-md, 2rem);row-gap:var(--global-kb-gap-md, 2rem);padding-top:25px;padding-bottom:0px;grid-template-columns:repeat(2, minmax(0, 1fr));}.kb-row-layout-id251_abd732-6a > .kt-row-layout-overlay{opacity:0.30;}@media all and (max-width: 1024px){.kb-row-layout-id251_abd732-6a > .kt-row-column-wrap{grid-template-columns:repeat(2, minmax(0, 1fr));}}@media all and (max-width: 767px){.kb-row-layout-id251_abd732-6a > .kt-row-column-wrap{grid-template-columns:minmax(0, 1fr);}}<\/style><div class=\"kb-row-layout-wrap kb-row-layout-id251_abd732-6a alignnone wp-block-kadence-rowlayout\"><div class=\"kt-row-column-wrap kt-has-2-columns kt-row-layout-equal kt-tab-layout-inherit kt-mobile-layout-row kt-row-valign-top\">\n<style>.kadence-column251_407675-a6 > .kt-inside-inner-col,.kadence-column251_407675-a6 > .kt-inside-inner-col:before{border-top-left-radius:0px;border-top-right-radius:0px;border-bottom-right-radius:0px;border-bottom-left-radius:0px;}.kadence-column251_407675-a6 > .kt-inside-inner-col{column-gap:var(--global-kb-gap-sm, 1rem);}.kadence-column251_407675-a6 > .kt-inside-inner-col{flex-direction:column;}.kadence-column251_407675-a6 > .kt-inside-inner-col > .aligncenter{width:100%;}.kadence-column251_407675-a6 > .kt-inside-inner-col:before{opacity:0.3;}.kadence-column251_407675-a6{position:relative;}@media all and (max-width: 1024px){.kadence-column251_407675-a6 > .kt-inside-inner-col{flex-direction:column;}}@media all and (max-width: 767px){.kadence-column251_407675-a6 > .kt-inside-inner-col{flex-direction:column;}}<\/style>\n<div class=\"wp-block-kadence-column kadence-column251_407675-a6 inner-column-1\"><div class=\"kt-inside-inner-col\">\n<p>Le Mus\u00e9e de Versailles renfermait des galeries de tableaux consacr\u00e9s \u00e0 repr\u00e9senter les batailles, les si\u00e9ges, les principaux \u00e9v\u00e9nements de l&rsquo;histoire de France; \u00e0 reproduire les portraits des princes, des grands officiers de la couronne, des vaillants capitaines, des magistrats et des pr\u00e9lats illustres. La gloire dont se couvrirent les chevaliers fran\u00e7ais dans les croisades, et l&rsquo;influence importante qu&rsquo;elles eurent sur le commerce, l&rsquo;industrie, les sciences et la civilisation, assignaient dans le Mus\u00e9e une place d&rsquo;honneur aux guerres saintes, \u00e9pop\u00e9e la plus chevaleresque et la plus dramatique de notre histoire.<\/p>\n<p><a href=\"https:\/\/www.heraldys.fr\/wordpress\/index.php\/salle-des-croisades-introduction\/\" rel=\"noopener noreferrer\">Lire la suite&#8230;<\/a><\/p>\n<\/div><\/div>\n\n\n<style>.kadence-column251_d4a752-8e > .kt-inside-inner-col,.kadence-column251_d4a752-8e > .kt-inside-inner-col:before{border-top-left-radius:0px;border-top-right-radius:0px;border-bottom-right-radius:0px;border-bottom-left-radius:0px;}.kadence-column251_d4a752-8e > .kt-inside-inner-col{column-gap:var(--global-kb-gap-sm, 1rem);}.kadence-column251_d4a752-8e > .kt-inside-inner-col{flex-direction:column;}.kadence-column251_d4a752-8e > .kt-inside-inner-col > .aligncenter{width:100%;}.kadence-column251_d4a752-8e > .kt-inside-inner-col:before{opacity:0.3;}.kadence-column251_d4a752-8e{position:relative;}@media all and (max-width: 1024px){.kadence-column251_d4a752-8e > .kt-inside-inner-col{flex-direction:column;}}@media all and (max-width: 767px){.kadence-column251_d4a752-8e > .kt-inside-inner-col{flex-direction:column;}}<\/style>\n<div class=\"wp-block-kadence-column kadence-column251_d4a752-8e inner-column-2\"><div class=\"kt-inside-inner-col\">\n<figure class=\"wp-block-embed-youtube wp-block-embed is-type-rich is-provider-prise-en-charge-des-contenus-embarques wp-embed-aspect-4-3 wp-has-aspect-ratio\"><div class=\"wp-block-embed__wrapper\">\n<div class=\"ast-oembed-container\" style=\"height: 100%;\"><iframe loading=\"lazy\" title=\"Les salles des Croisades\" width=\"500\" height=\"375\" src=\"https:\/\/www.youtube.com\/embed\/lQukT2dIJCU?feature=oembed\" frameborder=\"0\" allow=\"accelerometer; autoplay; clipboard-write; encrypted-media; gyroscope; picture-in-picture; web-share\" allowfullscreen><\/iframe><\/div>\n<\/div><\/figure>\n<\/div><\/div>\n\n<\/div><\/div>\n\n<h3>Consulter les blasons<\/h3>\n\n<style>.kb-row-layout-id251_7212ed-29 > .kt-row-column-wrap{align-content:start;}:where(.kb-row-layout-id251_7212ed-29 > .kt-row-column-wrap) > .wp-block-kadence-column{justify-content:start;}.kb-row-layout-id251_7212ed-29 > .kt-row-column-wrap{column-gap:var(--global-kb-gap-md, 2rem);row-gap:var(--global-kb-gap-md, 2rem);padding-top:var(--global-kb-spacing-sm, 1.5rem);padding-bottom:var(--global-kb-spacing-sm, 1.5rem);grid-template-columns:repeat(5, minmax(0, 1fr));}.kb-row-layout-id251_7212ed-29 > .kt-row-layout-overlay{opacity:0.30;}@media all and (max-width: 1024px){.kb-row-layout-id251_7212ed-29 > .kt-row-column-wrap{grid-template-columns:repeat(5, minmax(0, 1fr));}}@media all and (max-width: 767px){.kb-row-layout-id251_7212ed-29 > .kt-row-column-wrap{grid-template-columns:minmax(0, 1fr);}}<\/style><div class=\"kb-row-layout-wrap kb-row-layout-id251_7212ed-29 alignnone wp-block-kadence-rowlayout\"><div class=\"kt-row-column-wrap kt-has-5-columns kt-row-layout-equal kt-tab-layout-inherit kt-mobile-layout-row kt-row-valign-top\">\n<style>.kadence-column251_e9b34c-63 > .kt-inside-inner-col,.kadence-column251_e9b34c-63 > .kt-inside-inner-col:before{border-top-left-radius:0px;border-top-right-radius:0px;border-bottom-right-radius:0px;border-bottom-left-radius:0px;}.kadence-column251_e9b34c-63 > .kt-inside-inner-col{column-gap:var(--global-kb-gap-sm, 1rem);}.kadence-column251_e9b34c-63 > .kt-inside-inner-col{flex-direction:column;}.kadence-column251_e9b34c-63 > .kt-inside-inner-col > .aligncenter{width:100%;}.kadence-column251_e9b34c-63 > .kt-inside-inner-col:before{opacity:0.3;}.kadence-column251_e9b34c-63{position:relative;}@media all and (max-width: 1024px){.kadence-column251_e9b34c-63 > .kt-inside-inner-col{flex-direction:column;}}@media all and (max-width: 767px){.kadence-column251_e9b34c-63 > .kt-inside-inner-col{flex-direction:column;}}<\/style>\n<div class=\"wp-block-kadence-column kadence-column251_e9b34c-63 inner-column-1\"><div class=\"kt-inside-inner-col\">\n<figure class=\"wp-block-image size-large\"><a href=\"https:\/\/www.heraldys.fr\/wordpress\/index.php\/decouvrir\/salle-des-croisades\/salle5\"><img decoding=\"async\" loading=\"lazy\" width=\"934\" height=\"443\" src=\"https:\/\/www.heraldys.fr\/wordpress\/wp-content\/uploads\/2020\/09\/Cinquieme-Salle.jpg\" alt=\"\" class=\"wp-image-292\" srcset=\"https:\/\/www.heraldys.fr\/wordpress\/wp-content\/uploads\/2020\/09\/Cinquieme-Salle.jpg 934w, https:\/\/www.heraldys.fr\/wordpress\/wp-content\/uploads\/2020\/09\/Cinquieme-Salle-300x142.jpg 300w, https:\/\/www.heraldys.fr\/wordpress\/wp-content\/uploads\/2020\/09\/Cinquieme-Salle-768x364.jpg 768w\" sizes=\"(max-width: 934px) 100vw, 934px\" \/><\/a><figcaption class=\"wp-element-caption\"><a href=\"https:\/\/www.heraldys.fr\/wordpress\/index.php\/decouvrir\/salle-des-croisades\/salle5\">Grande Salle des Croisades<\/a><\/figcaption><\/figure>\n<\/div><\/div>\n\n\n<style>.kadence-column251_d7653c-b5 > .kt-inside-inner-col,.kadence-column251_d7653c-b5 > .kt-inside-inner-col:before{border-top-left-radius:0px;border-top-right-radius:0px;border-bottom-right-radius:0px;border-bottom-left-radius:0px;}.kadence-column251_d7653c-b5 > .kt-inside-inner-col{column-gap:var(--global-kb-gap-sm, 1rem);}.kadence-column251_d7653c-b5 > .kt-inside-inner-col{flex-direction:column;}.kadence-column251_d7653c-b5 > .kt-inside-inner-col > .aligncenter{width:100%;}.kadence-column251_d7653c-b5 > .kt-inside-inner-col:before{opacity:0.3;}.kadence-column251_d7653c-b5{position:relative;}@media all and (max-width: 1024px){.kadence-column251_d7653c-b5 > .kt-inside-inner-col{flex-direction:column;}}@media all and (max-width: 767px){.kadence-column251_d7653c-b5 > .kt-inside-inner-col{flex-direction:column;}}<\/style>\n<div class=\"wp-block-kadence-column kadence-column251_d7653c-b5 inner-column-2\"><div class=\"kt-inside-inner-col\">\n<figure class=\"wp-block-image size-large\"><a href=\"https:\/\/www.heraldys.fr\/wordpress\/index.php\/decouvrir\/salle-des-croisades\/salle1\"><img decoding=\"async\" loading=\"lazy\" width=\"400\" height=\"149\" src=\"https:\/\/www.heraldys.fr\/wordpress\/wp-content\/uploads\/2020\/09\/Premiere-Salle.jpg\" alt=\"\" class=\"wp-image-291\" srcset=\"https:\/\/www.heraldys.fr\/wordpress\/wp-content\/uploads\/2020\/09\/Premiere-Salle.jpg 400w, https:\/\/www.heraldys.fr\/wordpress\/wp-content\/uploads\/2020\/09\/Premiere-Salle-300x112.jpg 300w\" sizes=\"(max-width: 400px) 100vw, 400px\" \/><\/a><figcaption class=\"wp-element-caption\"><a href=\"https:\/\/www.heraldys.fr\/wordpress\/index.php\/decouvrir\/salle-des-croisades\/salle1\/\">Premi\u00e8re Salle des Croisades<\/a><\/figcaption><\/figure>\n<\/div><\/div>\n\n\n<style>.kadence-column251_e39236-22 > .kt-inside-inner-col,.kadence-column251_e39236-22 > .kt-inside-inner-col:before{border-top-left-radius:0px;border-top-right-radius:0px;border-bottom-right-radius:0px;border-bottom-left-radius:0px;}.kadence-column251_e39236-22 > .kt-inside-inner-col{column-gap:var(--global-kb-gap-sm, 1rem);}.kadence-column251_e39236-22 > .kt-inside-inner-col{flex-direction:column;}.kadence-column251_e39236-22 > .kt-inside-inner-col > .aligncenter{width:100%;}.kadence-column251_e39236-22 > .kt-inside-inner-col:before{opacity:0.3;}.kadence-column251_e39236-22{position:relative;}@media all and (max-width: 1024px){.kadence-column251_e39236-22 > .kt-inside-inner-col{flex-direction:column;}}@media all and (max-width: 767px){.kadence-column251_e39236-22 > .kt-inside-inner-col{flex-direction:column;}}<\/style>\n<div class=\"wp-block-kadence-column kadence-column251_e39236-22 inner-column-3\"><div class=\"kt-inside-inner-col\">\n<figure class=\"wp-block-image size-large\"><a href=\"https:\/\/www.heraldys.fr\/wordpress\/index.php\/decouvrir\/salle-des-croisades\/salle2\"><img decoding=\"async\" loading=\"lazy\" width=\"400\" height=\"180\" src=\"https:\/\/www.heraldys.fr\/wordpress\/wp-content\/uploads\/2020\/09\/Deuxieme-Salle.jpg\" alt=\"\" class=\"wp-image-293\" srcset=\"https:\/\/www.heraldys.fr\/wordpress\/wp-content\/uploads\/2020\/09\/Deuxieme-Salle.jpg 400w, https:\/\/www.heraldys.fr\/wordpress\/wp-content\/uploads\/2020\/09\/Deuxieme-Salle-300x135.jpg 300w\" sizes=\"(max-width: 400px) 100vw, 400px\" \/><\/a><figcaption class=\"wp-element-caption\"><a href=\"https:\/\/www.heraldys.fr\/wordpress\/index.php\/decouvrir\/salle-des-croisades\/salle2\">Deuxi\u00e8me Salle des Croisades<\/a><\/figcaption><\/figure>\n<\/div><\/div>\n\n\n<style>.kadence-column251_732ba6-57 > .kt-inside-inner-col,.kadence-column251_732ba6-57 > .kt-inside-inner-col:before{border-top-left-radius:0px;border-top-right-radius:0px;border-bottom-right-radius:0px;border-bottom-left-radius:0px;}.kadence-column251_732ba6-57 > .kt-inside-inner-col{column-gap:var(--global-kb-gap-sm, 1rem);}.kadence-column251_732ba6-57 > .kt-inside-inner-col{flex-direction:column;}.kadence-column251_732ba6-57 > .kt-inside-inner-col > .aligncenter{width:100%;}.kadence-column251_732ba6-57 > .kt-inside-inner-col:before{opacity:0.3;}.kadence-column251_732ba6-57{position:relative;}@media all and (max-width: 1024px){.kadence-column251_732ba6-57 > .kt-inside-inner-col{flex-direction:column;}}@media all and (max-width: 767px){.kadence-column251_732ba6-57 > .kt-inside-inner-col{flex-direction:column;}}<\/style>\n<div class=\"wp-block-kadence-column kadence-column251_732ba6-57 inner-column-4\"><div class=\"kt-inside-inner-col\">\n<figure class=\"wp-block-image size-large\"><a href=\"https:\/\/www.heraldys.fr\/wordpress\/index.php\/decouvrir\/salle-des-croisades\/salle3\"><img decoding=\"async\" loading=\"lazy\" width=\"400\" height=\"170\" src=\"https:\/\/www.heraldys.fr\/wordpress\/wp-content\/uploads\/2020\/09\/Troisieme-Salle.jpg\" alt=\"\" class=\"wp-image-295\" srcset=\"https:\/\/www.heraldys.fr\/wordpress\/wp-content\/uploads\/2020\/09\/Troisieme-Salle.jpg 400w, https:\/\/www.heraldys.fr\/wordpress\/wp-content\/uploads\/2020\/09\/Troisieme-Salle-300x128.jpg 300w\" sizes=\"(max-width: 400px) 100vw, 400px\" \/><\/a><figcaption class=\"wp-element-caption\"><a href=\"https:\/\/www.heraldys.fr\/wordpress\/index.php\/decouvrir\/salle-des-croisades\/salle3\">Troisi\u00e8me Salle des Croisades<\/a><\/figcaption><\/figure>\n<\/div><\/div>\n\n\n<style>.kadence-column251_f361f2-43 > .kt-inside-inner-col,.kadence-column251_f361f2-43 > .kt-inside-inner-col:before{border-top-left-radius:0px;border-top-right-radius:0px;border-bottom-right-radius:0px;border-bottom-left-radius:0px;}.kadence-column251_f361f2-43 > .kt-inside-inner-col{column-gap:var(--global-kb-gap-sm, 1rem);}.kadence-column251_f361f2-43 > .kt-inside-inner-col{flex-direction:column;}.kadence-column251_f361f2-43 > .kt-inside-inner-col > .aligncenter{width:100%;}.kadence-column251_f361f2-43 > .kt-inside-inner-col:before{opacity:0.3;}.kadence-column251_f361f2-43{position:relative;}@media all and (max-width: 1024px){.kadence-column251_f361f2-43 > .kt-inside-inner-col{flex-direction:column;}}@media all and (max-width: 767px){.kadence-column251_f361f2-43 > .kt-inside-inner-col{flex-direction:column;}}<\/style>\n<div class=\"wp-block-kadence-column kadence-column251_f361f2-43 inner-column-5\"><div class=\"kt-inside-inner-col\">\n<figure class=\"wp-block-image size-large\"><a href=\"https:\/\/www.heraldys.fr\/wordpress\/index.php\/decouvrir\/salle-des-croisades\/salle4\"><img decoding=\"async\" loading=\"lazy\" width=\"400\" height=\"180\" src=\"https:\/\/www.heraldys.fr\/wordpress\/wp-content\/uploads\/2020\/09\/Quatrieme-Salle.jpg\" alt=\"\" class=\"wp-image-294\" srcset=\"https:\/\/www.heraldys.fr\/wordpress\/wp-content\/uploads\/2020\/09\/Quatrieme-Salle.jpg 400w, https:\/\/www.heraldys.fr\/wordpress\/wp-content\/uploads\/2020\/09\/Quatrieme-Salle-300x135.jpg 300w\" sizes=\"(max-width: 400px) 100vw, 400px\" \/><\/a><figcaption class=\"wp-element-caption\"><a href=\"https:\/\/www.heraldys.fr\/wordpress\/index.php\/decouvrir\/salle-des-croisades\/salle4\">Quatri\u00e8me Salle des Croisades<\/a><\/figcaption><\/figure>\n<\/div><\/div>\n\n<\/div><\/div>\n\n<h3>Bibliographie<\/h3>\n\n\n<figure class=\"wp-block-table is-style-regular\"><table><tbody><tr><td><strong>Annuaire de la noblesse de France et des maisons souveraines de l&rsquo;Europe<\/strong><br>Borel d&rsquo;Hauterive, Andr\u00e9-Fran\u00e7ois-Joseph (1812-1896).<br>Paris<\/td><td><a rel=\"noreferrer noopener\" href=\"https:\/\/gallica.bnf.fr\/ark:\/12148\/bpt6k36573m\/f347.item\" target=\"_blank\">1844 &#8211; Article initial<\/a><br><a rel=\"noreferrer noopener\" href=\"https:\/\/gallica.bnf.fr\/ark:\/12148\/bpt6k36574z\/f367.item\" target=\"_blank\">1845 &#8211; Correctifs<\/a><br><a rel=\"noreferrer noopener\" href=\"https:\/\/gallica.bnf.fr\/ark:\/12148\/bpt6k365890\/f376.item\" target=\"_blank\">1861 &#8211; Compl\u00e9ments<\/a><br><a rel=\"noreferrer noopener\" href=\"https:\/\/gallica.bnf.fr\/ark:\/12148\/bpt6k365906\/f393.item\" target=\"_blank\">1862 &#8211; Compl\u00e9ments<\/a><br><a rel=\"noreferrer noopener\" href=\"https:\/\/gallica.bnf.fr\/ark:\/12148\/bpt6k36591j\/f356.item\" target=\"_blank\">1863 &#8211; Compl\u00e9ments<\/a><\/td><td><a rel=\"noreferrer noopener\" href=\"https:\/\/gallica.bnf.fr\/ark:\/12148\/bpt6k36592w\/f274.item\" target=\"_blank\">1864 &#8211; Compl\u00e9ments<\/a><br><a rel=\"noreferrer noopener\" href=\"https:\/\/gallica.bnf.fr\/ark:\/12148\/bpt6k36595x\/f247.item\" target=\"_blank\">1867 &#8211; Compl\u00e9ments<\/a><br><a rel=\"noreferrer noopener\" href=\"https:\/\/gallica.bnf.fr\/ark:\/12148\/bpt6k36597m\/f306.item\" target=\"_blank\">1869 &#8211; Compl\u00e9ments<\/a><br><a rel=\"noreferrer noopener\" href=\"https:\/\/gallica.bnf.fr\/ark:\/12148\/bpt6k36598z\/f450.item\" target=\"_blank\">1870 &#8211; Compl\u00e9ments<\/a><\/td><\/tr><tr><td><strong>Galerie Historique du palais de Versailles Tome VI<\/strong><br>Gavard, Charles (1794-1871)<br>Paris<\/td><td><a rel=\"noreferrer noopener\" href=\"https:\/\/gallica.bnf.fr\/ark:\/12148\/bpt6k27955t\/f87.image\" target=\"_blank\">1840 &#8211; 1\u00e8re partie<\/a><\/td><td>?<a rel=\"noreferrer noopener\" href=\"https:\/\/gallica.bnf.fr\/ark:\/12148\/bpt6k292990\/f5.image\" target=\"_blank\">1844 &#8211; 2\u00e8me partie<\/a><\/td><\/tr><\/tbody><\/table><\/figure>\n","protected":false},"excerpt":{"rendered":"<p>Les salles des Croisades du Mus\u00e9e National de Versailles ont \u00e9t\u00e9 cr\u00e9\u00e9es par Louis-Philippe en 1843. Nous reproduisons ici l&rsquo;article publi\u00e9 dans \u00ab\u00a0l&rsquo;annuaire de la noblesse fran\u00e7aise\u00a0\u00bb en 1844 par Borel d&rsquo;Hauterive, document que vous pourrez retrouver en int\u00e9gralit\u00e9 sur Gallica (voir liens en bas de page) Le Mus\u00e9e de Versailles renfermait des galeries de &hellip;<\/p>\n<p class=\"read-more\"> <a class=\"\" href=\"https:\/\/www.heraldys.fr\/wordpress\/decouvrir\/salle-des-croisades\/\"> <span class=\"screen-reader-text\">Salle des Croisades<\/span> Lire la suite\u00a0\u00bb<\/a><\/p>\n","protected":false},"author":1,"featured_media":0,"parent":9,"menu_order":0,"comment_status":"closed","ping_status":"closed","template":"","meta":{"_uag_custom_page_level_css":"","site-sidebar-layout":"default","site-content-layout":"default","ast-site-content-layout":"default","site-content-style":"default","site-sidebar-style":"default","ast-global-header-display":"","ast-banner-title-visibility":"","ast-main-header-display":"","ast-hfb-above-header-display":"","ast-hfb-below-header-display":"","ast-hfb-mobile-header-display":"","site-post-title":"","ast-breadcrumbs-content":"","ast-featured-img":"","footer-sml-layout":"","theme-transparent-header-meta":"default","adv-header-id-meta":"","stick-header-meta":"","header-above-stick-meta":"","header-main-stick-meta":"","header-below-stick-meta":"","astra-migrate-meta-layouts":"set","footnotes":""},"uagb_featured_image_src":{"full":false,"thumbnail":false,"medium":false,"medium_large":false,"large":false,"1536x1536":false,"2048x2048":false},"uagb_author_info":{"display_name":"admin","author_link":"https:\/\/www.heraldys.fr\/wordpress\/author\/gillesboussard_h33\/"},"uagb_comment_info":0,"uagb_excerpt":"Les salles des Croisades du Mus\u00e9e National de Versailles ont \u00e9t\u00e9 cr\u00e9\u00e9es par Louis-Philippe en 1843. Nous reproduisons ici l&rsquo;article publi\u00e9 dans \u00ab\u00a0l&rsquo;annuaire de la noblesse fran\u00e7aise\u00a0\u00bb en 1844 par Borel d&rsquo;Hauterive, document que vous pourrez retrouver en int\u00e9gralit\u00e9 sur Gallica (voir liens en bas de page) Le Mus\u00e9e de Versailles renfermait des galeries de\u2026","_links":{"self":[{"href":"https:\/\/www.heraldys.fr\/wordpress\/wp-json\/wp\/v2\/pages\/251"}],"collection":[{"href":"https:\/\/www.heraldys.fr\/wordpress\/wp-json\/wp\/v2\/pages"}],"about":[{"href":"https:\/\/www.heraldys.fr\/wordpress\/wp-json\/wp\/v2\/types\/page"}],"author":[{"embeddable":true,"href":"https:\/\/www.heraldys.fr\/wordpress\/wp-json\/wp\/v2\/users\/1"}],"replies":[{"embeddable":true,"href":"https:\/\/www.heraldys.fr\/wordpress\/wp-json\/wp\/v2\/comments?post=251"}],"version-history":[{"count":50,"href":"https:\/\/www.heraldys.fr\/wordpress\/wp-json\/wp\/v2\/pages\/251\/revisions"}],"predecessor-version":[{"id":1334,"href":"https:\/\/www.heraldys.fr\/wordpress\/wp-json\/wp\/v2\/pages\/251\/revisions\/1334"}],"up":[{"embeddable":true,"href":"https:\/\/www.heraldys.fr\/wordpress\/wp-json\/wp\/v2\/pages\/9"}],"wp:attachment":[{"href":"https:\/\/www.heraldys.fr\/wordpress\/wp-json\/wp\/v2\/media?parent=251"}],"curies":[{"name":"wp","href":"https:\/\/api.w.org\/{rel}","templated":true}]}}